{"id":18,"date":"2020-07-15T07:58:30","date_gmt":"2020-07-15T07:58:30","guid":{"rendered":"https:\/\/lalinea.es\/biblioteca\/?page_id=18"},"modified":"2026-01-09T08:12:38","modified_gmt":"2026-01-09T08:12:38","slug":"informacion","status":"publish","type":"page","link":"https:\/\/lalinea.es\/biblioteca\/informacion\/","title":{"rendered":"Informaci\u00f3n"},"content":{"rendered":"\n<h4><span class=\"has-inline-color has-vivid-cyan-blue-color\">Ubicaci\u00f3n<\/span><\/h4>\n\n\n\n<p>La Biblioteca P\u00fablica Municipal \u201cJos\u00e9 Riquelme\u201d se encuentra ubicada en pleno centro de la ciudad de La L\u00ednea de la Concepci\u00f3n, concretamente en el Edificio La Comandancia, en Plaza de la Constituci\u00f3n s\/n.&nbsp;<\/p>\n\n\n\n<h4><span class=\"has-inline-color has-vivid-cyan-blue-color\">Direcci\u00f3n <\/span><\/h4>\n\n\n\n<p>Plaza de la Constituci\u00f3n s\/n. 11300 La L\u00ednea de la Concepci\u00f3n. C\u00e1diz.<\/p>\n\n\n\n<p><\/p>\n\n\n\n<h4><span class=\"has-inline-color has-vivid-cyan-blue-color\">Horario.<\/span><\/h4>\n\n\n\n<p>La Biblioteca P\u00fablica Municipal \u201cJos\u00e9 Riquelme\u201d se encuentra ubicada en pleno centro de la ciudad de La L\u00ednea de la Concepci\u00f3n, concretamente en el Edificio La Comandancia, en Plaza de la Constituci\u00f3n s\/n.&nbsp;<\/p>\n\n\n\n<p><strong><span class=\"has-inline-color has-vivid-cyan-blue-color\">Pr\u00e9stamos, devoluciones, Sala de Lectura y Sala Infantil, etc.:<\/span><\/strong>                  de lunes a viernes, de 10:00  a 14:00 horas y de 16:00 a 20:00 horas.<\/p>\n\n\n\n<p><strong><span class=\"has-inline-color has-vivid-cyan-blue-color\">Sala de estudio: <\/span><\/strong>de lunes a viernes: de 09:00\u00a0 a 20:00 horas.<\/p>\n\n\n\n<h4><span class=\"has-inline-color has-vivid-cyan-blue-color\">Contacto <\/span><\/h4>\n\n\n\n<p>Para hacer consultas generales pueden hacerlo a trav\u00e9s de correo electr\u00f3nico a  <a href=\"mailto:biblioteca@lalinea.es\">biblioteca@lalinea.es<\/a> \/ al tel\u00e9fono: 956 696 241 (mostrador y servicio de informaci\u00f3n y referencia) o rellenando el formulario de nuestra p\u00e1gina web https:\/\/lalinea.es\/biblioteca\/contacto\/<\/p>\n\n\n\n<p><\/p>\n","protected":false},"excerpt":{"rendered":"<p>Ubicaci\u00f3n La Biblioteca P\u00fablica Municipal \u201cJos\u00e9 Riquelme\u201d se encuentra ubicada en pleno centro de la ciudad de La L\u00ednea de la Concepci\u00f3n, concretamente en el Edificio La Comandancia, en Plaza<\/p><\/div>\n<div class=\"blog-btn\"><a href=\"https:\/\/lalinea.es\/biblioteca\/informacion\/\" class=\"home-blog-btn\">Leer m\u00e1s<\/a><\/p>\n","protected":false},"author":1,"featured_media":0,"parent":0,"menu_order":0,"comment_status":"closed","ping_status":"closed","template":"template\/template-about.php","meta":[],"_links":{"self":[{"href":"https:\/\/lalinea.es\/biblioteca\/wp-json\/wp\/v2\/pages\/18"}],"collection":[{"href":"https:\/\/lalinea.es\/biblioteca\/wp-json\/wp\/v2\/pages"}],"about":[{"href":"https:\/\/lalinea.es\/biblioteca\/wp-json\/wp\/v2\/types\/page"}],"author":[{"embeddable":true,"href":"https:\/\/lalinea.es\/biblioteca\/wp-json\/wp\/v2\/users\/1"}],"replies":[{"embeddable":true,"href":"https:\/\/lalinea.es\/biblioteca\/wp-json\/wp\/v2\/comments?post=18"}],"version-history":[{"count":6,"href":"https:\/\/lalinea.es\/biblioteca\/wp-json\/wp\/v2\/pages\/18\/revisions"}],"predecessor-version":[{"id":2079,"href":"https:\/\/lalinea.es\/biblioteca\/wp-json\/wp\/v2\/pages\/18\/revisions\/2079"}],"wp:attachment":[{"href":"https:\/\/lalinea.es\/biblioteca\/wp-json\/wp\/v2\/media?parent=18"}],"curies":[{"name":"wp","href":"https:\/\/api.w.org\/{rel}","templated":true}]}}