{"id":193,"date":"2020-08-26T08:28:01","date_gmt":"2020-08-26T08:28:01","guid":{"rendered":"https:\/\/lalinea.es\/biblioteca\/?page_id=193"},"modified":"2024-10-04T09:26:02","modified_gmt":"2024-10-04T09:26:02","slug":"prestamo","status":"publish","type":"page","link":"https:\/\/lalinea.es\/biblioteca\/prestamo\/","title":{"rendered":"Pr\u00e9stamo"},"content":{"rendered":"\n<p><strong>Las bibliotecas de la Red de Lectura P\u00fablica de Andaluc\u00eda ofrecemos tres tipos de pr\u00e9stamo:<\/strong><\/p>\n\n\n\n<ul><li>Pr\u00e9stamo personal.<\/li><li>Pr\u00e9stamo interbibliotecario.<\/li><li>Pr\u00e9stamo colectivo (a instituciones, entidades y asociaciones).<\/li><\/ul>\n\n\n\n<p><strong>Pr\u00e9stamo personal.<\/strong><\/p>\n\n\n\n<p>Los usuarios que lo deseen podr\u00e1n retirar de la biblioteca en calidad de pr\u00e9stamos a domicilio los ejemplares prestables de la biblioteca. Para ello es requisito fundamental presentar la tarjeta de usuario de la Red de Bibliotecas P\u00fablicas de Andaluc\u00eda, que se obtiene de forma gratuita (ver apartado de tarjeta de usuario).<\/p>\n\n\n\n<p>No son&nbsp; prestables:<\/p>\n\n\n\n<ul><li>&nbsp;grandes obras de consulta y algunos manuales.<\/li><li>&nbsp;el Fondo Local.<\/li><li>&nbsp;ejemplares de la hemeroteca.<\/li><\/ul>\n\n\n\n<p>&nbsp;&nbsp;&nbsp;&nbsp;&nbsp;&nbsp;&nbsp;&nbsp;&nbsp;&nbsp;&nbsp; El plazo de pr\u00e9stamo para los materiales librarios y para los no librarios anejos a los mismos ser\u00e1 de quince d\u00edas, renovable por diez d\u00edas, siempre que no est\u00e9n reservados. Para los materiales no librarios, el pr\u00e9stamo ser\u00e1 de cinco d\u00edas no renovables.  <\/p>\n\n\n\n<p>Las renovaciones pueden hacerse de forma presencial en la biblioteca, o llamando al tel\u00e9fono 956 696 241 antes de que acabe la vigencia del pr\u00e9stamo.<\/p>\n\n\n\n<p>El n\u00famero de ejemplares prestados ser\u00e1 de 3 para los usuarios adultos y 4 para los infantiles durante un periodo m\u00e1ximo de 15 d\u00edas con una renovaci\u00f3n por diez d\u00edas.<\/p>\n\n\n\n<p><strong>Pr\u00e9stamos de verano:<\/strong><strong><\/strong><\/p>\n\n\n\n<p>\u00a0\u00a0\u00a0\u00a0\u00a0\u00a0\u00a0\u00a0\u00a0\u00a0\u00a0 Durante el verano, desde finales de junio al 10 de septiembre la duraci\u00f3n de los pr\u00e9stamos ser\u00e1 de un mes, y el n\u00famero de ejemplares prestados ser\u00e1 de 4 para los usuarios adultos y 6 para los infantiles.<\/p>\n\n\n\n<p><strong>Pr\u00e9stamos interbibliotecario:<\/strong><\/p>\n\n\n\n<p>El pr\u00e9stamo interbibliotecario es un servicio de pr\u00e9stamo de documentos entre las bibliotecas.&nbsp; No es un pr\u00e9stamo personal, lo que conlleva que la consulta de los documentos prestados se realizar\u00e1 en la propia biblioteca, concretamente en la sala de lectura de la 1\u00aa planta, quedando prohibido su uso fuera del centro de la biblioteca peticionaria. Su duraci\u00f3n es de 30 d\u00edas desde su recepci\u00f3n.<\/p>\n\n\n\n<p>Debido a la situaci\u00f3n de covid-19 el pr\u00e9stamo interbibliotecario est\u00e1 temporalmente suspendido.<\/p>\n\n\n\n<p><strong>Pr\u00e9stamos colectivos:<\/strong><\/p>\n\n\n\n<p>Se realiza entre la biblioteca y diferentes asociaciones culturales, educativos o colectivos de la ciudad.<\/p>\n","protected":false},"excerpt":{"rendered":"<p>Las bibliotecas de la Red de Lectura P\u00fablica de Andaluc\u00eda ofrecemos tres tipos de pr\u00e9stamo: Pr\u00e9stamo personal. Pr\u00e9stamo interbibliotecario. Pr\u00e9stamo colectivo (a instituciones, entidades y asociaciones). Pr\u00e9stamo personal. Los usuarios<\/p><\/div>\n<div class=\"blog-btn\"><a href=\"https:\/\/lalinea.es\/biblioteca\/prestamo\/\" class=\"home-blog-btn\">Leer m\u00e1s<\/a><\/p>\n","protected":false},"author":1,"featured_media":0,"parent":0,"menu_order":0,"comment_status":"closed","ping_status":"closed","template":"template\/template-contact.php","meta":[],"_links":{"self":[{"href":"https:\/\/lalinea.es\/biblioteca\/wp-json\/wp\/v2\/pages\/193"}],"collection":[{"href":"https:\/\/lalinea.es\/biblioteca\/wp-json\/wp\/v2\/pages"}],"about":[{"href":"https:\/\/lalinea.es\/biblioteca\/wp-json\/wp\/v2\/types\/page"}],"author":[{"embeddable":true,"href":"https:\/\/lalinea.es\/biblioteca\/wp-json\/wp\/v2\/users\/1"}],"replies":[{"embeddable":true,"href":"https:\/\/lalinea.es\/biblioteca\/wp-json\/wp\/v2\/comments?post=193"}],"version-history":[{"count":4,"href":"https:\/\/lalinea.es\/biblioteca\/wp-json\/wp\/v2\/pages\/193\/revisions"}],"predecessor-version":[{"id":1766,"href":"https:\/\/lalinea.es\/biblioteca\/wp-json\/wp\/v2\/pages\/193\/revisions\/1766"}],"wp:attachment":[{"href":"https:\/\/lalinea.es\/biblioteca\/wp-json\/wp\/v2\/media?parent=193"}],"curies":[{"name":"wp","href":"https:\/\/api.w.org\/{rel}","templated":true}]}}