{"id":196,"date":"2020-08-26T08:32:28","date_gmt":"2020-08-26T08:32:28","guid":{"rendered":"https:\/\/lalinea.es\/biblioteca\/?page_id=196"},"modified":"2020-11-17T13:26:57","modified_gmt":"2020-11-17T13:26:57","slug":"informacion-bibliografica","status":"publish","type":"page","link":"https:\/\/lalinea.es\/biblioteca\/informacion-bibliografica\/","title":{"rendered":"Informaci\u00f3n Bibliogr\u00e1fica"},"content":{"rendered":"\n\n\n<p><strong>Informaci\u00f3n bibliogr\u00e1fica y referencia.<\/strong><\/p>\n<p>Los usuarios pueden solicitar al personal de la biblioteca la informaci\u00f3n bibliogr\u00e1fica que necesiten a trav\u00e9s de los recursos de informaci\u00f3n de la propia biblioteca o de otros centros.<\/p>\n<p>Actualmente, debido a la situaci\u00f3n provocada por el covid-19 los usuarios que lo requieran podr\u00e1n hacer breves consultas bibliogr\u00e1ficas cumplimentando un formulario y envi\u00e1ndolo al correo electr\u00f3nico <a href=\"mailto:biblioteca@lalinea.es\">biblioteca@lalinea.es<\/a>. La Biblioteca mensualmente realiza gu\u00edas de lectura, exposiciones bibliogr\u00e1ficas de manera que los usuarios conozcan los fondos de los que dispone<\/p>\n\n\n\n\n\n<figure class=\"wp-block-image size-large\"><img loading=\"lazy\" width=\"1024\" height=\"578\" src=\"https:\/\/lalinea.es\/biblioteca\/wp-content\/uploads\/2020\/11\/DSC_0684-1024x578.jpg\" alt=\"\" class=\"wp-image-271\" srcset=\"https:\/\/lalinea.es\/biblioteca\/wp-content\/uploads\/2020\/11\/DSC_0684-1024x578.jpg 1024w, https:\/\/lalinea.es\/biblioteca\/wp-content\/uploads\/2020\/11\/DSC_0684-300x169.jpg 300w, https:\/\/lalinea.es\/biblioteca\/wp-content\/uploads\/2020\/11\/DSC_0684-768x433.jpg 768w, https:\/\/lalinea.es\/biblioteca\/wp-content\/uploads\/2020\/11\/DSC_0684-1536x867.jpg 1536w, https:\/\/lalinea.es\/biblioteca\/wp-content\/uploads\/2020\/11\/DSC_0684-2048x1155.jpg 2048w\" sizes=\"(max-width: 1024px) 100vw, 1024px\" \/><\/figure>\n","protected":false},"excerpt":{"rendered":"","protected":false},"author":1,"featured_media":0,"parent":0,"menu_order":0,"comment_status":"closed","ping_status":"closed","template":"","meta":[],"_links":{"self":[{"href":"https:\/\/lalinea.es\/biblioteca\/wp-json\/wp\/v2\/pages\/196"}],"collection":[{"href":"https:\/\/lalinea.es\/biblioteca\/wp-json\/wp\/v2\/pages"}],"about":[{"href":"https:\/\/lalinea.es\/biblioteca\/wp-json\/wp\/v2\/types\/page"}],"author":[{"embeddable":true,"href":"https:\/\/lalinea.es\/biblioteca\/wp-json\/wp\/v2\/users\/1"}],"replies":[{"embeddable":true,"href":"https:\/\/lalinea.es\/biblioteca\/wp-json\/wp\/v2\/comments?post=196"}],"version-history":[{"count":3,"href":"https:\/\/lalinea.es\/biblioteca\/wp-json\/wp\/v2\/pages\/196\/revisions"}],"predecessor-version":[{"id":273,"href":"https:\/\/lalinea.es\/biblioteca\/wp-json\/wp\/v2\/pages\/196\/revisions\/273"}],"wp:attachment":[{"href":"https:\/\/lalinea.es\/biblioteca\/wp-json\/wp\/v2\/media?parent=196"}],"curies":[{"name":"wp","href":"https:\/\/api.w.org\/{rel}","templated":true}]}}