{"id":199,"date":"2020-08-26T08:33:51","date_gmt":"2020-08-26T08:33:51","guid":{"rendered":"https:\/\/lalinea.es\/biblioteca\/?page_id=199"},"modified":"2020-08-26T08:40:25","modified_gmt":"2020-08-26T08:40:25","slug":"acceso-a-internet","status":"publish","type":"page","link":"https:\/\/lalinea.es\/biblioteca\/acceso-a-internet\/","title":{"rendered":"Acceso a internet"},"content":{"rendered":"\n<p><strong>Acceso a internet en la Biblioteca:<\/strong><\/p>\n\n\n\n<p>La Biblioteca P. M. \u201cJos\u00e9 Riquelme\u201d tiene a disposici\u00f3n de los usuarios\u00a0 ordenadores con conexi\u00f3n a internet cuya finalidad sea la formaci\u00f3n, el estudio o la investigaci\u00f3n acad\u00e9micas.\u00a0<\/p>\n\n\n\n<p>El requisito para hacer uso de este servicio es disponer del carn\u00e9 de la Red de Bibliotecas P\u00fablicas de Andaluc\u00eda y solicitar el inicio de la sesi\u00f3n al personal bibliotecario.<\/p>\n\n\n\n<p>El tiempo de las sesiones est\u00e1 limitado, para garantizar que otros usuarios que lo necesiten puedan acceder a \u00e9l.&nbsp;<\/p>\n\n\n\n<p>No est\u00e1 permitido el uso de los ordenadores para la realizaci\u00f3n de actividades que vulneren la legislaci\u00f3n vigente.<\/p>\n\n\n\n<ul><li>No est\u00e1 permitido el acceso a p\u00e1ginas pornogr\u00e1ficas, xen\u00f3fobas, violentas, etc. El acceso a estas p\u00e1ginas supondr\u00e1 el abandono inmediato del puesto de consulta.<\/li><li>La biblioteca no se hace responsable de la informaci\u00f3n que los usuarios consulten, siendo estos \u00faltimos los \u00fanicos responsables de la mala utilizaci\u00f3n del servicio.<\/li><li>El personal bibliotecario se reserva el derecho de poner fin a las sesiones en cualquier momento.<\/li><\/ul>\n\n\n\n<p>Sin embargo, debido a la situaci\u00f3n de pandemia que estamos viviendo, este servicio est\u00e1 temporalmente suspendido.<\/p>\n\n\n\n<p>La Biblioteca tambi\u00e9n dispone de red wifi a la que pueden acceder todos los usuarios con sus propios dispositivos electr\u00f3nicos, ya sean m\u00f3viles, tables o pc port\u00e1tiles. Los usuarios que est\u00e9n interesados podr\u00e1n solicitar la clave al personal bibliotecario presentando la tarjeta de usuario de la Red de Bibliotecas P\u00fablicas de Andaluc\u00eda.<\/p>\n","protected":false},"excerpt":{"rendered":"<p>Acceso a internet en la Biblioteca: La Biblioteca P. M. \u201cJos\u00e9 Riquelme\u201d tiene a disposici\u00f3n de los usuarios\u00a0 ordenadores con conexi\u00f3n a internet cuya finalidad sea la formaci\u00f3n, el estudio<\/p><\/div>\n<div class=\"blog-btn\"><a href=\"https:\/\/lalinea.es\/biblioteca\/acceso-a-internet\/\" class=\"home-blog-btn\">Leer m\u00e1s<\/a><\/p>\n","protected":false},"author":1,"featured_media":0,"parent":0,"menu_order":0,"comment_status":"closed","ping_status":"closed","template":"","meta":[],"_links":{"self":[{"href":"https:\/\/lalinea.es\/biblioteca\/wp-json\/wp\/v2\/pages\/199"}],"collection":[{"href":"https:\/\/lalinea.es\/biblioteca\/wp-json\/wp\/v2\/pages"}],"about":[{"href":"https:\/\/lalinea.es\/biblioteca\/wp-json\/wp\/v2\/types\/page"}],"author":[{"embeddable":true,"href":"https:\/\/lalinea.es\/biblioteca\/wp-json\/wp\/v2\/users\/1"}],"replies":[{"embeddable":true,"href":"https:\/\/lalinea.es\/biblioteca\/wp-json\/wp\/v2\/comments?post=199"}],"version-history":[{"count":3,"href":"https:\/\/lalinea.es\/biblioteca\/wp-json\/wp\/v2\/pages\/199\/revisions"}],"predecessor-version":[{"id":210,"href":"https:\/\/lalinea.es\/biblioteca\/wp-json\/wp\/v2\/pages\/199\/revisions\/210"}],"wp:attachment":[{"href":"https:\/\/lalinea.es\/biblioteca\/wp-json\/wp\/v2\/media?parent=199"}],"curies":[{"name":"wp","href":"https:\/\/api.w.org\/{rel}","templated":true}]}}