{"id":20,"date":"2020-07-15T07:59:52","date_gmt":"2020-07-15T07:59:52","guid":{"rendered":"https:\/\/lalinea.es\/biblioteca\/?page_id=20"},"modified":"2020-11-24T11:13:35","modified_gmt":"2020-11-24T11:13:35","slug":"catalogos","status":"publish","type":"page","link":"https:\/\/lalinea.es\/biblioteca\/catalogos\/","title":{"rendered":"Cat\u00e1logos"},"content":{"rendered":"\n<p><span class=\"has-inline-color has-vivid-cyan-blue-color\">CAT\u00c1LOGO BIBLIOGR\u00c1FICO<br><\/span>Para consultar el cat\u00e1logo de la Biblioteca P. M. \u201cJos\u00e9 Riquelme\u201d puede hacerlo pinchando el siguiente enlace:<\/p>\n\n\n\n<p><br><a href=\"https:\/\/www.juntadeandalucia.es\/cultura\/absys\/abnopac\/\">https:\/\/www.juntadeandalucia.es\/cultura\/absys\/abnopac\/<\/a><br><\/p>\n\n\n\n<p>A continuaci\u00f3n, es necesario pinchar en la pesta\u00f1a Cat\u00e1logo completo, seleccionando la provincia de C\u00e1diz, y luego el municipio, La L\u00ednea de la Concepci\u00f3n.<\/p>\n\n\n\n<div class=\"wp-block-image\"><figure class=\"aligncenter size-large\"><img loading=\"lazy\" width=\"345\" height=\"253\" src=\"https:\/\/lalinea.es\/biblioteca\/wp-content\/uploads\/2020\/11\/bibliotecas.jpg\" alt=\"\" class=\"wp-image-328\" srcset=\"https:\/\/lalinea.es\/biblioteca\/wp-content\/uploads\/2020\/11\/bibliotecas.jpg 345w, https:\/\/lalinea.es\/biblioteca\/wp-content\/uploads\/2020\/11\/bibliotecas-300x220.jpg 300w\" sizes=\"(max-width: 345px) 100vw, 345px\" \/><\/figure><\/div>\n\n\n\n<p><\/p>\n\n\n\n<h3 class=\"has-text-align-center\"><strong><span class=\"has-inline-color has-vivid-cyan-blue-color\">CATALOGOS TEM\u00c1TICOS <\/span><\/strong><\/h3>\n\n\n\n<div class=\"wp-block-columns\">\n<div class=\"wp-block-column\">\n<h4 class=\"has-text-align-center\"><a rel=\"noreferrer noopener\" href=\"https:\/\/lalinea.es\/biblioteca\/wp-content\/uploads\/2020\/11\/Catalogo-de-Navidad.pdf\" target=\"_blank\">Navidad<\/a><\/h4>\n<\/div>\n\n\n\n<div class=\"wp-block-column\">\n<h4 class=\"has-text-align-center\"><a rel=\"noreferrer noopener\" href=\"https:\/\/lalinea.es\/biblioteca\/wp-content\/uploads\/2020\/11\/Catalogo-Rafael-Alberti.pdf\" target=\"_blank\">Rafael Alberti<\/a><\/h4>\n<\/div>\n<\/div>\n\n\n\n<p><\/p>\n\n\n\n<p><\/p>\n\n\n\n<p><\/p>\n\n\n\n<p><\/p>\n\n\n\n<p><\/p>\n\n\n\n<p><\/p>\n\n\n\n<p><\/p>\n","protected":false},"excerpt":{"rendered":"<p>CAT\u00c1LOGO BIBLIOGR\u00c1FICOPara consultar el cat\u00e1logo de la Biblioteca P. M. \u201cJos\u00e9 Riquelme\u201d puede hacerlo pinchando el siguiente enlace: https:\/\/www.juntadeandalucia.es\/cultura\/absys\/abnopac\/ A continuaci\u00f3n, es necesario pinchar en la pesta\u00f1a Cat\u00e1logo completo, seleccionando<\/p><\/div>\n<div class=\"blog-btn\"><a href=\"https:\/\/lalinea.es\/biblioteca\/catalogos\/\" class=\"home-blog-btn\">Leer m\u00e1s<\/a><\/p>\n","protected":false},"author":1,"featured_media":0,"parent":0,"menu_order":0,"comment_status":"closed","ping_status":"closed","template":"","meta":[],"_links":{"self":[{"href":"https:\/\/lalinea.es\/biblioteca\/wp-json\/wp\/v2\/pages\/20"}],"collection":[{"href":"https:\/\/lalinea.es\/biblioteca\/wp-json\/wp\/v2\/pages"}],"about":[{"href":"https:\/\/lalinea.es\/biblioteca\/wp-json\/wp\/v2\/types\/page"}],"author":[{"embeddable":true,"href":"https:\/\/lalinea.es\/biblioteca\/wp-json\/wp\/v2\/users\/1"}],"replies":[{"embeddable":true,"href":"https:\/\/lalinea.es\/biblioteca\/wp-json\/wp\/v2\/comments?post=20"}],"version-history":[{"count":31,"href":"https:\/\/lalinea.es\/biblioteca\/wp-json\/wp\/v2\/pages\/20\/revisions"}],"predecessor-version":[{"id":400,"href":"https:\/\/lalinea.es\/biblioteca\/wp-json\/wp\/v2\/pages\/20\/revisions\/400"}],"wp:attachment":[{"href":"https:\/\/lalinea.es\/biblioteca\/wp-json\/wp\/v2\/media?parent=20"}],"curies":[{"name":"wp","href":"https:\/\/api.w.org\/{rel}","templated":true}]}}