{"id":206,"date":"2020-08-26T08:37:11","date_gmt":"2020-08-26T08:37:11","guid":{"rendered":"https:\/\/lalinea.es\/biblioteca\/?page_id=206"},"modified":"2020-10-26T10:12:04","modified_gmt":"2020-10-26T10:12:04","slug":"normas","status":"publish","type":"page","link":"https:\/\/lalinea.es\/biblioteca\/normas\/","title":{"rendered":"Normas"},"content":{"rendered":"\n<p class=\"has-text-align-center\">DERECHOS Y DEBERES DE LOS USUARIOS DE LA RED DE BIBLIOTECAS P\u00daBLICAS DE ANDALUC\u00cdA.<\/p>\n\n\n\n<p class=\"has-text-align-center\"><a href=\"https:\/\/www.juntadeandalucia.es\/boja\/2003\/251\/4\">(Ley 16\/2003, de 22 de diciembre, del Sistema Andaluz de Bibliotecas y Centros de Documentaci\u00f3n)<\/a><\/p>\n\n\n\n<p><strong>DERECHOS<\/strong><\/p>\n\n\n\n<ol><li>Los usuarios de la Red de Bibliotecas P\u00fablicas de Andaluc\u00eda tienen derecho a disponer, como m\u00ednimo, de los siguientes servicios, instalaciones y equipamientos bibliotecarios, as\u00ed como del asesoramiento y ayuda necesarios para su utilizaci\u00f3n:<\/li><\/ol>\n\n\n\n<p>a) Lectura, pr\u00e9stamo y referencia para adultos, j\u00f3venes y ni\u00f1os.<br>b) Colecciones de fondos de inter\u00e9s local y regional.<br>c) Informaci\u00f3n ciudadana.<br>d) Materiales y servicios adaptados a colectivos con necesidades especiales.<br>e) Acceso a la consulta de materiales en todo tipo de soporte, incluido el acceso telem\u00e1tico a redes de informaci\u00f3n.<br>f) Instalaciones y condiciones de accesibilidad adecuados a la normativa vigente.<\/p>\n\n\n\n<ol start=\"2\"><li>En todas las bibliotecas de la Red de Bibliotecas P\u00fablicas de Andaluc\u00eda deber\u00e1 figurar en lugar visible un cuadro o cartel con informaci\u00f3n sobre los derechos y obligaciones de los usuarios.<\/li><li>Reglamentariamente se determinar\u00e1 el horario m\u00ednimo y las condiciones generales de la prestaci\u00f3n del servicio bibliotecario a efectos de garantizar los derechos de los usuarios de la Red.<\/li><\/ol>\n\n\n\n<p><strong>OBLIGACIONES<\/strong><\/p>\n\n\n\n<p><br>Los usuarios de la Red de Bibliotecas P\u00fablicas de Andaluc\u00eda tendr\u00e1n la obligaci\u00f3n de observar el comportamiento correcto y adecuado para el buen funcionamiento de las bibliotecas de la Red, de acuerdo con lo establecido en esta Ley, en sus normas de desarrollo y en las que<br>dicten los titulares de las bibliotecas, y en particular las siguientes obligaciones:<\/p>\n\n\n\n<p>a) Respetar los derechos de los dem\u00e1s usuarios de la Red de Bibliotecas P\u00fablicas de Andaluc\u00eda, guardando el debido orden, respeto y compostura.<br>b) No hacer uso de los centros o servicios bibliotecarios, ya sea de manera<br>presencial o a distancia, para una finalidad distinta de la de ejercer su derecho como usuario.<br>c) Cuidar de los materiales bibliotecarios, informativos y cualesquiera otros a los que se acceda.<br>d) Cuidar de los bienes muebles e inmuebles de las bibliotecas y servicios<br>bibliotecarios de la Red.<br>e) Abonar aquellos servicios no gratuitos que se presten por la Red de Bibliotecas P\u00fablicas de Andaluc\u00eda.<br>f) Devolver los libros y, en general, los materiales prestados en las mismas<br>condiciones en las que los retiraron en pr\u00e9stamo.<br>g) Acreditar la condici\u00f3n de usuario al ser requerido a tal efecto, tanto<br>presencialmente como a distancia, por el personal que presta sus servicios en la Red de Bibliotecas P\u00fablicas de Andaluc\u00eda.<br>h) Cumplir y respetar las normas de funcionamiento establecidas en cada centro o servicio y seguir las indicaciones y \u00f3rdenes del personal que presta sus servicios en la Red de Bibliotecas P\u00fablicas de Andaluc\u00eda.<\/p>\n","protected":false},"excerpt":{"rendered":"<p>DERECHOS Y DEBERES DE LOS USUARIOS DE LA RED DE BIBLIOTECAS P\u00daBLICAS DE ANDALUC\u00cdA. (Ley 16\/2003, de 22 de diciembre, del Sistema Andaluz de Bibliotecas y Centros de Documentaci\u00f3n) DERECHOS<\/p><\/div>\n<div class=\"blog-btn\"><a href=\"https:\/\/lalinea.es\/biblioteca\/normas\/\" class=\"home-blog-btn\">Leer m\u00e1s<\/a><\/p>\n","protected":false},"author":1,"featured_media":0,"parent":0,"menu_order":0,"comment_status":"closed","ping_status":"closed","template":"","meta":[],"_links":{"self":[{"href":"https:\/\/lalinea.es\/biblioteca\/wp-json\/wp\/v2\/pages\/206"}],"collection":[{"href":"https:\/\/lalinea.es\/biblioteca\/wp-json\/wp\/v2\/pages"}],"about":[{"href":"https:\/\/lalinea.es\/biblioteca\/wp-json\/wp\/v2\/types\/page"}],"author":[{"embeddable":true,"href":"https:\/\/lalinea.es\/biblioteca\/wp-json\/wp\/v2\/users\/1"}],"replies":[{"embeddable":true,"href":"https:\/\/lalinea.es\/biblioteca\/wp-json\/wp\/v2\/comments?post=206"}],"version-history":[{"count":3,"href":"https:\/\/lalinea.es\/biblioteca\/wp-json\/wp\/v2\/pages\/206\/revisions"}],"predecessor-version":[{"id":233,"href":"https:\/\/lalinea.es\/biblioteca\/wp-json\/wp\/v2\/pages\/206\/revisions\/233"}],"wp:attachment":[{"href":"https:\/\/lalinea.es\/biblioteca\/wp-json\/wp\/v2\/media?parent=206"}],"curies":[{"name":"wp","href":"https:\/\/api.w.org\/{rel}","templated":true}]}}