{"id":32,"date":"2020-07-15T08:03:27","date_gmt":"2020-07-15T08:03:27","guid":{"rendered":"https:\/\/lalinea.es\/biblioteca\/?page_id=32"},"modified":"2026-01-09T08:11:17","modified_gmt":"2026-01-09T08:11:17","slug":"horario","status":"publish","type":"page","link":"https:\/\/lalinea.es\/biblioteca\/horario\/","title":{"rendered":"Horario"},"content":{"rendered":"\n<p><\/p>\n\n\n\n<p>Horario 2026.<\/p>\n\n\n\n<p>Servicios bibliogr\u00e1ficos (pr\u00e9stamos, devoluciones, lectura en sala, Salas Infantil y Juvenil, Salas de Ordenadores, Informaci\u00f3n y Referencia, Hemeroteca, etc.): de lunes a viernes: de 10:00 a 14:00 horas, y de 16:00 a 20:00 h. <\/p>\n\n\n\n<p>Salas de estudio: de 09:00 a 20:00 horas. <\/p>\n\n\n\n<p>Festivos: cerrado.<\/p>\n","protected":false},"excerpt":{"rendered":"<p>Horario 2026. Servicios bibliogr\u00e1ficos (pr\u00e9stamos, devoluciones, lectura en sala, Salas Infantil y Juvenil, Salas de Ordenadores, Informaci\u00f3n y Referencia, Hemeroteca, etc.): de lunes a viernes: de 10:00 a 14:00 horas,<\/p><\/div>\n<div class=\"blog-btn\"><a href=\"https:\/\/lalinea.es\/biblioteca\/horario\/\" class=\"home-blog-btn\">Leer m\u00e1s<\/a><\/p>\n","protected":false},"author":1,"featured_media":1737,"parent":0,"menu_order":0,"comment_status":"closed","ping_status":"closed","template":"","meta":[],"_links":{"self":[{"href":"https:\/\/lalinea.es\/biblioteca\/wp-json\/wp\/v2\/pages\/32"}],"collection":[{"href":"https:\/\/lalinea.es\/biblioteca\/wp-json\/wp\/v2\/pages"}],"about":[{"href":"https:\/\/lalinea.es\/biblioteca\/wp-json\/wp\/v2\/types\/page"}],"author":[{"embeddable":true,"href":"https:\/\/lalinea.es\/biblioteca\/wp-json\/wp\/v2\/users\/1"}],"replies":[{"embeddable":true,"href":"https:\/\/lalinea.es\/biblioteca\/wp-json\/wp\/v2\/comments?post=32"}],"version-history":[{"count":16,"href":"https:\/\/lalinea.es\/biblioteca\/wp-json\/wp\/v2\/pages\/32\/revisions"}],"predecessor-version":[{"id":2078,"href":"https:\/\/lalinea.es\/biblioteca\/wp-json\/wp\/v2\/pages\/32\/revisions\/2078"}],"wp:featuredmedia":[{"embeddable":true,"href":"https:\/\/lalinea.es\/biblioteca\/wp-json\/wp\/v2\/media\/1737"}],"wp:attachment":[{"href":"https:\/\/lalinea.es\/biblioteca\/wp-json\/wp\/v2\/media?parent=32"}],"curies":[{"name":"wp","href":"https:\/\/api.w.org\/{rel}","templated":true}]}}