{"id":45,"date":"2020-07-15T08:08:55","date_gmt":"2020-07-15T08:08:55","guid":{"rendered":"https:\/\/lalinea.es\/biblioteca\/?page_id=45"},"modified":"2020-11-17T13:17:04","modified_gmt":"2020-11-17T13:17:04","slug":"prestamos","status":"publish","type":"page","link":"https:\/\/lalinea.es\/biblioteca\/prestamos\/","title":{"rendered":"Pr\u00e9stamos"},"content":{"rendered":"\n<p><\/p>\n\n\n\n<div class=\"wp-block-media-text alignwide has-media-on-the-right is-stacked-on-mobile\"><figure class=\"wp-block-media-text__media\"><img loading=\"lazy\" width=\"1024\" height=\"578\" src=\"https:\/\/lalinea.es\/biblioteca\/wp-content\/uploads\/2020\/11\/DSC_0686-1-1024x578.jpg\" alt=\"\" class=\"wp-image-267\" srcset=\"https:\/\/lalinea.es\/biblioteca\/wp-content\/uploads\/2020\/11\/DSC_0686-1-1024x578.jpg 1024w, https:\/\/lalinea.es\/biblioteca\/wp-content\/uploads\/2020\/11\/DSC_0686-1-300x169.jpg 300w, https:\/\/lalinea.es\/biblioteca\/wp-content\/uploads\/2020\/11\/DSC_0686-1-768x433.jpg 768w, https:\/\/lalinea.es\/biblioteca\/wp-content\/uploads\/2020\/11\/DSC_0686-1-1536x867.jpg 1536w, https:\/\/lalinea.es\/biblioteca\/wp-content\/uploads\/2020\/11\/DSC_0686-1-2048x1155.jpg 2048w\" sizes=\"(max-width: 1024px) 100vw, 1024px\" \/><\/figure><div class=\"wp-block-media-text__content\">\n<p><strong>Pr\u00e9stamos<\/strong><\/p>\n\n\n\n<p class=\"has-text-align-left\" style=\"font-size:14px\">Durante el mes de julio la duraci\u00f3n del pr\u00e9stamo de libros a domicilio pasa de 15 a 30 d\u00edas. Los usuarios infantiles tendr\u00e1n ampliados adem\u00e1s sus materiales en pr\u00e9stamos, pasando de 4 como m\u00e1ximo a poderse llevar 6. Adem\u00e1s de ello, se facilita la renovaci\u00f3n de pr\u00e9stamos, pudiendo hacerse la renovaci\u00f3n web a trav\u00e9s del opac de la p\u00e1gina de la red de bibliotecas p\u00fablicas de Andaluc\u00eda (seleccionando la Biblioteca de La L\u00ednea de la Concepci\u00f3n, Biblioteca \u00abJos\u00e9 Riquelme\u00bb): https:\/\/www.juntadeandalucia.es\/cultura\/absys\/abnopac\/.<\/p>\n<\/div><\/div>\n","protected":false},"excerpt":{"rendered":"<p>Pr\u00e9stamos Durante el mes de julio la duraci\u00f3n del pr\u00e9stamo de libros a domicilio pasa de 15 a 30 d\u00edas. Los usuarios infantiles tendr\u00e1n ampliados adem\u00e1s sus materiales en pr\u00e9stamos,<\/p><\/div>\n<div class=\"blog-btn\"><a href=\"https:\/\/lalinea.es\/biblioteca\/prestamos\/\" class=\"home-blog-btn\">Leer m\u00e1s<\/a><\/p>\n","protected":false},"author":1,"featured_media":0,"parent":0,"menu_order":0,"comment_status":"closed","ping_status":"closed","template":"","meta":[],"_links":{"self":[{"href":"https:\/\/lalinea.es\/biblioteca\/wp-json\/wp\/v2\/pages\/45"}],"collection":[{"href":"https:\/\/lalinea.es\/biblioteca\/wp-json\/wp\/v2\/pages"}],"about":[{"href":"https:\/\/lalinea.es\/biblioteca\/wp-json\/wp\/v2\/types\/page"}],"author":[{"embeddable":true,"href":"https:\/\/lalinea.es\/biblioteca\/wp-json\/wp\/v2\/users\/1"}],"replies":[{"embeddable":true,"href":"https:\/\/lalinea.es\/biblioteca\/wp-json\/wp\/v2\/comments?post=45"}],"version-history":[{"count":6,"href":"https:\/\/lalinea.es\/biblioteca\/wp-json\/wp\/v2\/pages\/45\/revisions"}],"predecessor-version":[{"id":270,"href":"https:\/\/lalinea.es\/biblioteca\/wp-json\/wp\/v2\/pages\/45\/revisions\/270"}],"wp:attachment":[{"href":"https:\/\/lalinea.es\/biblioteca\/wp-json\/wp\/v2\/media?parent=45"}],"curies":[{"name":"wp","href":"https:\/\/api.w.org\/{rel}","templated":true}]}}