{"id":70,"date":"2020-07-15T08:23:58","date_gmt":"2020-07-15T08:23:58","guid":{"rendered":"https:\/\/lalinea.es\/biblioteca\/about\/"},"modified":"2020-11-17T13:30:52","modified_gmt":"2020-11-17T13:30:52","slug":"historia","status":"publish","type":"page","link":"https:\/\/lalinea.es\/biblioteca\/historia\/","title":{"rendered":"Historia"},"content":{"rendered":"<div class=\"col-md-6 col-sm-6 col-xs-12\">\n<div class=\"about-img-area wow fadeInDown animated animated animated animated animated\" style=\"visibility: visible; animation-delay: 0.4s; animation-name: fadeInDown;\" data-wow-delay=\"0.4s\"><img loading=\"lazy\" class=\"wp-image-258 aligncenter\" src=\"https:\/\/lalinea.es\/biblioteca\/wp-content\/uploads\/2020\/11\/DSC_0686-300x169.jpg\" alt=\"\" width=\"433\" height=\"243\" srcset=\"https:\/\/lalinea.es\/biblioteca\/wp-content\/uploads\/2020\/11\/DSC_0686-300x169.jpg 300w, https:\/\/lalinea.es\/biblioteca\/wp-content\/uploads\/2020\/11\/DSC_0686-1024x578.jpg 1024w, https:\/\/lalinea.es\/biblioteca\/wp-content\/uploads\/2020\/11\/DSC_0686-768x433.jpg 768w, https:\/\/lalinea.es\/biblioteca\/wp-content\/uploads\/2020\/11\/DSC_0686-1536x867.jpg 1536w, https:\/\/lalinea.es\/biblioteca\/wp-content\/uploads\/2020\/11\/DSC_0686-2048x1155.jpg 2048w\" sizes=\"(max-width: 433px) 100vw, 433px\" \/><\/div>\n<\/div>\n<div class=\"col-md-6 col-sm-6 col-xs-12 wow fadeInDown animated animated animated animated animated\" style=\"visibility: visible; animation-delay: 0.4s; animation-name: fadeInDown;\" data-wow-delay=\"0.4s\">\n<h2 style=\"text-align: center;\">Historia de la Biblioteca P. M. \u201cJos\u00e9 Riquelme\u201d.<\/h2>\n<p>La Biblioteca P\u00fablica Municipal es un organismo p\u00fablico de titularidad y gesti\u00f3n municipal que pertenece a la Red de Bibliotecas P\u00fablicas de Andaluc\u00eda, cuyo objetivo principal es promocionar la lectura, divulgar el conocimiento y satisfacer las necesidades de lectura de los ciudadanos, conservar su patrimonio bibliogr\u00e1fico y ofrecer a los ciudadanos el acceso a las nuevas tecnolog\u00edas, as\u00ed como promover la investigaci\u00f3n.<br \/>\nFue creada en el a\u00f1o 1948, aunque fue modernizada y puesta en marcha en agosto de 1963.<br \/>\nSu primera ubicaci\u00f3n fueron los Jardines Municipales hasta el a\u00f1o 1981 ha tenido otras como la Casa de la Cultura en Plaza de Fari\u00f1as hasta agosto de 1998; el Complejo Educativo Balleseteros hasta Julio de 2013, y el Edificio Comandancia donde se encuentra actualmente desde su reapertura el 2 de octubre de 2013.<br \/>\nEl Edificio Comandancia se ha convertido en un centro de informaci\u00f3n y documentaci\u00f3n que alberga la Biblioteca P. M. \u201cJos\u00e9 Riquelme\u201d, y en el que tambi\u00e9n se encuentra el Archivo Hist\u00f3rico \u201cFrancisco Tornay\u201d.<br \/>\nSe trata del primer edificio construido en la ciudad que data de 1863. Hace dos d\u00e9cadas fue restaurado y convertido en un edificio cultural. Est\u00e1 situado en el centro de la ciudad, concretamente en la Plaza de la Constituci\u00f3n.<\/p>\n<\/div>\n","protected":false},"excerpt":{"rendered":"<p>Historia de la Biblioteca P. M. \u201cJos\u00e9 Riquelme\u201d. La Biblioteca P\u00fablica Municipal es un organismo p\u00fablico de titularidad y gesti\u00f3n municipal que pertenece a la Red de Bibliotecas P\u00fablicas de<\/p><\/div>\n<div class=\"blog-btn\"><a href=\"https:\/\/lalinea.es\/biblioteca\/historia\/\" class=\"home-blog-btn\">Leer m\u00e1s<\/a><\/p>\n","protected":false},"author":1,"featured_media":0,"parent":0,"menu_order":0,"comment_status":"closed","ping_status":"closed","template":"template\/template-about.php","meta":[],"_links":{"self":[{"href":"https:\/\/lalinea.es\/biblioteca\/wp-json\/wp\/v2\/pages\/70"}],"collection":[{"href":"https:\/\/lalinea.es\/biblioteca\/wp-json\/wp\/v2\/pages"}],"about":[{"href":"https:\/\/lalinea.es\/biblioteca\/wp-json\/wp\/v2\/types\/page"}],"author":[{"embeddable":true,"href":"https:\/\/lalinea.es\/biblioteca\/wp-json\/wp\/v2\/users\/1"}],"replies":[{"embeddable":true,"href":"https:\/\/lalinea.es\/biblioteca\/wp-json\/wp\/v2\/comments?post=70"}],"version-history":[{"count":2,"href":"https:\/\/lalinea.es\/biblioteca\/wp-json\/wp\/v2\/pages\/70\/revisions"}],"predecessor-version":[{"id":274,"href":"https:\/\/lalinea.es\/biblioteca\/wp-json\/wp\/v2\/pages\/70\/revisions\/274"}],"wp:attachment":[{"href":"https:\/\/lalinea.es\/biblioteca\/wp-json\/wp\/v2\/media?parent=70"}],"curies":[{"name":"wp","href":"https:\/\/api.w.org\/{rel}","templated":true}]}}