{"id":73,"date":"2020-07-15T08:23:58","date_gmt":"2020-07-15T08:23:58","guid":{"rendered":"https:\/\/lalinea.es\/biblioteca\/contact\/"},"modified":"2020-10-26T10:17:54","modified_gmt":"2020-10-26T10:17:54","slug":"contacto","status":"publish","type":"page","link":"https:\/\/lalinea.es\/biblioteca\/contacto\/","title":{"rendered":"Contacto"},"content":{"rendered":"<p>Para hacer consultas generales pueden hacerlo a trav\u00e9s del correo biblioteca@lalinea.es , \u00a0al tel\u00e9fono: 956 696 241 (mostrador y servicio de informaci\u00f3n y referencia). O bien rellenando el formulario que se muestra a continuaci\u00f3n.<\/p>\n<div role=\"form\" class=\"wpcf7\" id=\"wpcf7-f76-o1\" lang=\"es-ES\" dir=\"ltr\">\n<div class=\"screen-reader-response\"><p role=\"status\" aria-live=\"polite\" aria-atomic=\"true\"><\/p> <ul><\/ul><\/div>\n<form action=\"\/biblioteca\/wp-json\/wp\/v2\/pages\/73#wpcf7-f76-o1\" method=\"post\" class=\"wpcf7-form init\" novalidate=\"novalidate\" data-status=\"init\">\n<div style=\"display: none;\">\n<input type=\"hidden\" name=\"_wpcf7\" value=\"76\" \/>\n<input type=\"hidden\" name=\"_wpcf7_version\" value=\"5.4\" \/>\n<input type=\"hidden\" name=\"_wpcf7_locale\" value=\"es_ES\" \/>\n<input type=\"hidden\" name=\"_wpcf7_unit_tag\" value=\"wpcf7-f76-o1\" \/>\n<input type=\"hidden\" name=\"_wpcf7_container_post\" value=\"0\" \/>\n<input type=\"hidden\" name=\"_wpcf7_posted_data_hash\" value=\"\" \/>\n<\/div>\n<p><label> Tu nombre (obligatorio)<br \/>\n    <span class=\"wpcf7-form-control-wrap your-name\"><input type=\"text\" name=\"your-name\" value=\"\" size=\"40\" class=\"wpcf7-form-control wpcf7-text wpcf7-validates-as-required\" aria-required=\"true\" aria-invalid=\"false\" \/><\/span> <\/label><\/p>\n<p><label> Tu correo electr\u00f3nico (obligatorio)<br \/>\n    <span class=\"wpcf7-form-control-wrap your-email\"><input type=\"email\" name=\"your-email\" value=\"\" size=\"40\" class=\"wpcf7-form-control wpcf7-text wpcf7-email wpcf7-validates-as-required wpcf7-validates-as-email\" aria-required=\"true\" aria-invalid=\"false\" \/><\/span> <\/label><\/p>\n<p><label> Asunto<br \/>\n    <span class=\"wpcf7-form-control-wrap your-subject\"><input type=\"text\" name=\"your-subject\" value=\"\" size=\"40\" class=\"wpcf7-form-control wpcf7-text\" aria-invalid=\"false\" \/><\/span> <\/label><\/p>\n<p><label> Tu mensaje<br \/>\n    <span class=\"wpcf7-form-control-wrap your-message\"><textarea name=\"your-message\" cols=\"40\" rows=\"10\" class=\"wpcf7-form-control wpcf7-textarea\" aria-invalid=\"false\"><\/textarea><\/span> <\/label><\/p>\n<p><input type=\"submit\" value=\"Enviar\" class=\"wpcf7-form-control wpcf7-submit\" \/><\/p>\n<div class=\"wpcf7-response-output\" aria-hidden=\"true\"><\/div><\/form><\/div>\n<p><strong>Ubicaci\u00f3n<\/strong><br \/>\nLa Biblioteca P\u00fablica Municipal \u201cJos\u00e9 Riquelme\u201d se encuentra ubicada en pleno centro de la ciudad de La L\u00ednea de la Concepci\u00f3n, concretamente en el Edificio La Comandancia, en Plaza de la Constituci\u00f3n s\/n.<br \/>\n(<a href=\"https:\/\/www.google.es\/maps\/place\/Museo+del+Istmo\/@36.1606264,-5.3482313,19z\/data=!4m5!3m4!1s0xd0cc08bc374a229:0x76fe767b3dc3c59f!8m2!3d36.1611883!4d-5.3477468?hl=es\" target=\"_blank\" rel=\"noopener noreferrer\">Ver en Google Maps<\/a>)<\/p>\n<p><strong>Direcci\u00f3n<\/strong><br \/>\nPlaza de la Constituci\u00f3n s\/n<br \/>\n11300 La L\u00ednea de la Concepci\u00f3n. C\u00e1diz.<\/p>\n","protected":false},"excerpt":{"rendered":"<p>Para hacer consultas generales pueden hacerlo a trav\u00e9s del correo biblioteca@lalinea.es , \u00a0al tel\u00e9fono: 956 696 241 (mostrador y servicio de informaci\u00f3n y referencia). O bien rellenando el formulario que<\/p><\/div>\n<div class=\"blog-btn\"><a href=\"https:\/\/lalinea.es\/biblioteca\/contacto\/\" class=\"home-blog-btn\">Leer m\u00e1s<\/a><\/p>\n","protected":false},"author":1,"featured_media":0,"parent":0,"menu_order":0,"comment_status":"closed","ping_status":"closed","template":"template\/plantilla-contacto.php","meta":[],"_links":{"self":[{"href":"https:\/\/lalinea.es\/biblioteca\/wp-json\/wp\/v2\/pages\/73"}],"collection":[{"href":"https:\/\/lalinea.es\/biblioteca\/wp-json\/wp\/v2\/pages"}],"about":[{"href":"https:\/\/lalinea.es\/biblioteca\/wp-json\/wp\/v2\/types\/page"}],"author":[{"embeddable":true,"href":"https:\/\/lalinea.es\/biblioteca\/wp-json\/wp\/v2\/users\/1"}],"replies":[{"embeddable":true,"href":"https:\/\/lalinea.es\/biblioteca\/wp-json\/wp\/v2\/comments?post=73"}],"version-history":[{"count":5,"href":"https:\/\/lalinea.es\/biblioteca\/wp-json\/wp\/v2\/pages\/73\/revisions"}],"predecessor-version":[{"id":235,"href":"https:\/\/lalinea.es\/biblioteca\/wp-json\/wp\/v2\/pages\/73\/revisions\/235"}],"wp:attachment":[{"href":"https:\/\/lalinea.es\/biblioteca\/wp-json\/wp\/v2\/media?parent=73"}],"curies":[{"name":"wp","href":"https:\/\/api.w.org\/{rel}","templated":true}]}}